{"id":3,"date":"2021-05-27T11:45:33","date_gmt":"2021-05-27T09:45:33","guid":{"rendered":"https:\/\/preprod2.boutiques-genicado-ouest.com\/?page_id=3"},"modified":"2024-06-19T16:19:42","modified_gmt":"2024-06-19T14:19:42","slug":"politique-de-confidentialite","status":"publish","type":"page","link":"https:\/\/preprod2.boutiques-genicado-ouest.com\/?page_id=3","title":{"rendered":"Politique de confidentialit\u00e9"},"content":{"rendered":"<p>POLITIQUE DE PROTECTION DES DONN\u00c9ES \u00c0 CARACT\u00c8RE PERSONNEL<\/p><p>GENICADO accorde une grande importance au respect de votre vie priv\u00e9e et \u00e0 la protection de vos donn\u00e9es personnelles. Nous souhaitons vous assurer que GENICADO traite vos donn\u00e9es personnelles en sa possession de mani\u00e8re loyale, transparente, conform\u00e9ment aux fins pour lesquelles elles ont \u00e9t\u00e9 collect\u00e9es et en toute s\u00e9curit\u00e9.<\/p><p>GENICADO prot\u00e8ge vos donn\u00e9es personnelles conform\u00e9ment aux lois applicables et \u00e0 ses politiques en mati\u00e8re de s\u00e9curit\u00e9 de l\u2019information. GENICADO applique en outre des mesures techniques et organisationnelles appropri\u00e9es pour assurer la protection de vos donn\u00e9es personnelles contre toute atteinte accidentelle ou illicite \u00e0 leur disponibilit\u00e9, \u00e0 leur int\u00e9grit\u00e9 ou \u00e0 leur confidentialit\u00e9.<\/p><ul class=\"wp-block-list\"><li>Vous trouverez dans les sections suivantes des informations d\u00e9taill\u00e9es sur la mani\u00e8re dont GENICADO traite vos donn\u00e9es personnelles :<\/li>\n\n<li>Responsable du traitement de vos donn\u00e9es personnelles<\/li>\n\n<li>Cat\u00e9gories de donn\u00e9es personnelles collect\u00e9es<\/li>\n\n<li>Finalit\u00e9s des traitements de vos donn\u00e9es personnelles<\/li>\n\n<li>Bases l\u00e9gales des traitements de vos donn\u00e9es personnelles<\/li>\n\n<li>Destinataires de vos donn\u00e9es personnelles<\/li>\n\n<li>S\u00e9curit\u00e9 de vos donn\u00e9es personnelles<\/li>\n\n<li>Dur\u00e9e de conservation de vos donn\u00e9es personnelles<\/li>\n\n<li>Vos droits sur vos donn\u00e9es personnelles<\/li><\/ul><p><strong>Responsable du traitement de vos donn\u00e9es personnelles<\/strong><\/p><p>Le responsable du traitement de vos donn\u00e9es personnelles est la soci\u00e9t\u00e9 GENICADO, soci\u00e9t\u00e9 par actions simplifi\u00e9e immatricul\u00e9e au RCS de Nantes sous le num\u00e9ro 322 504 978 ayant son si\u00e8ge social au 27, rue du Leinster, 44240 La Chapelle sur Erdre.<\/p><p><strong>Cat\u00e9gories de donn\u00e9es personnelles collect\u00e9es<\/strong><\/p><p>Sur chaque formulaire du site www.genicado.com, les donn\u00e9es n\u00e9cessaires \u00e0 GENICADO sont les donn\u00e9es qui ne sont pas indiqu\u00e9es comme optionnelles ou sont identifi\u00e9es par une couleur sp\u00e9cifique ou un ast\u00e9risque.<\/p><p>En l\u2019absence d\u2019une donn\u00e9e n\u00e9cessaire, GENICADO pourrait \u00eatre dans l\u2019incapacit\u00e9 de r\u00e9pondre \u00e0 votre demande.<\/p><p>GENICADO collecte les donn\u00e9es suivantes selon l\u2019action effectu\u00e9e.<\/p><figure class=\"wp-block-table\"><table><tbody><tr><td><strong>Action effectu\u00e9e<\/strong><strong><\/strong><\/td><td><strong>Donn\u00e9es collect\u00e9es<\/strong><strong><\/strong><\/td><\/tr><tr><td>Inscription \u00e0 la newsletter<\/td><td>Adresse e-mail<\/td><\/tr><tr><td>Contact par formulaire<\/td><td>Sujet, adresse e-mail et message texte. &nbsp; Optionnel&nbsp;: fichier joint<\/td><\/tr><tr><td>Contact par t\u00e9l\u00e9phone ou e-mail<\/td><td>Nom, num\u00e9ro de t\u00e9l\u00e9phone ou adresse e-mail, objet.<\/td><\/tr><tr><td>Contact via le chat<\/td><td>Les donn\u00e9es que vous communiquez spontan\u00e9ment.<\/td><\/tr><tr><td>Demande de devis<\/td><td>Adresse e-mail, nom, entreprise, t\u00e9l\u00e9phone, code postal. &nbsp; Optionnel&nbsp;: Pr\u00e9nom, comment nous avez-vous connu, message texte et fichier joint.<\/td><\/tr><tr><td>Notification d\u2019alerte<\/td><td>Cat\u00e9gorie d\u2019alerte, titre et description. &nbsp; Optionnel&nbsp;: Pr\u00e9nom, nom, moyen de contact (e-mail, t\u00e9l\u00e9phone ou autre) et pi\u00e8ce jointe.<\/td><\/tr><\/tbody><\/table><\/figure><p>Le site www.genicado.com \u00e9tant destin\u00e9 \u00e0 des professionnels, les donn\u00e9es personnelles collect\u00e9es par GENICADO concernent en principe des professionnels personnes physiques agissant en tant qu\u2019entrepreneurs individuels ou en tant que repr\u00e9sentant d\u2019une personne morale.<\/p><p><strong>Finalit\u00e9s de traitement de vos donn\u00e9es personnelles : dans quel but GENICADO traite vos donn\u00e9es personnelles ?<\/strong><br><\/p><p>GENICADO traite vos donn\u00e9es personnelles pour les finalit\u00e9s suivantes.<\/p><figure class=\"wp-block-table\"><table><tbody><tr><td><strong>Destinataires internes<\/strong><strong><\/strong><\/td><td><strong>Destinataires externes<\/strong><strong><\/strong><\/td><\/tr><tr><td>Vos donn\u00e9es personnelles sont communiqu\u00e9es aux services internes de GENICADO en charge du traitement de votre demande\u00a0: service commercial pour les demandes pr\u00e9contractuelles et les commandes, service logistique pour le traitement des commandes, service comptable pour la facturation, service communication pour l\u2019envoi des newsletters et informations sur les produits et services, service administratif pour les notifications d\u2019alertes, service support pour les demandes li\u00e9es au site.<\/td><td>Vos donn\u00e9es personnelles sont communiqu\u00e9es, dans la limite du strict n\u00e9cessaire, aux prestataires que GENICADO fait intervenir pour l\u2019ex\u00e9cution des commandes (transporteurs). \u00a0 Elles peuvent \u00eatre communiqu\u00e9es ponctuellement, dans la limite du strict n\u00e9cessaire, au commissaire aux comptes de GENICADO, \u00e0 l\u2019administration fiscale en cas de contr\u00f4le ou \u00e0 des avocats, commissaires de justice et tribunaux en cas de diff\u00e9rend. \u00a0 Vos donn\u00e9es personnelles sont \u00e9galement communiqu\u00e9es techniquement \u00e0 OpenProd et Sarbacane qui sont des solutions informatiques en ligne de GENICADO\u00a0, notamment \u00e0 l\u2019h\u00e9bergeur du site www.genicado.com.<\/td><\/tr><\/tbody><\/table><\/figure><p>En aucun cas, les donn\u00e9es recueillies sur le site GENICADO ne seront c\u00e9d\u00e9es ou vendues \u00e0 des tiers.<\/p><p><strong>S\u00e9curit\u00e9 de vos donn\u00e9es personnelles<\/strong><\/p><p>GENICADO applique des dispositions de s\u00e9curit\u00e9 organisationnelles, physiques et techniques pour toutes les donn\u00e9es personnelles qu\u2019elle d\u00e9tient. GENICADO a mis en place des protocoles et mesures de contr\u00f4le ainsi que des politiques, proc\u00e9dures et directives appropri\u00e9es pour assurer la bonne application de ces dispositions, en tenant compte des risques associ\u00e9s aux diff\u00e9rentes cat\u00e9gories de donn\u00e9es personnelles et \u00e0 leurs traitements.<\/p><p>GENICADO adopte des mesures de s\u00e9curit\u00e9 et des contr\u00f4les bas\u00e9s sur des standards qui fournissent les lignes directrices et les bonnes pratiques en mati\u00e8re d\u2019organisation et de gestion de la s\u00e9curit\u00e9 de l\u2019information.<\/p><p>GENICADO attire votre attention sur le fait que malgr\u00e9 toutes les mesures de s\u00e9curit\u00e9 qu\u2019elle met en \u0153uvre afin de s\u00e9curiser votre utilisation de son site web, la nature intrins\u00e8quement ouverte d\u2019Internet est telle que la s\u00e9curit\u00e9 de l\u2019acheminement d\u2019informations \u00e0 travers des r\u00e9seaux qui vous connectent \u00e0 nos syst\u00e8mes ne peut pas \u00eatre compl\u00e8tement garantie. En cons\u00e9quence les informations circulant sur l\u2019Internet pr\u00e9sentent un risque d\u2019\u00eatre consult\u00e9es et utilis\u00e9es par d\u2019autres personnes que leurs destinataires.<\/p><p><strong>Dur\u00e9e de conservation de vos donn\u00e9es personnelles<\/strong><\/p><p>GENICADO ne conserve vos donn\u00e9es personnelles que pendant une dur\u00e9e strictement n\u00e9cessaire. GENICADO applique des politiques et proc\u00e9dures sp\u00e9cifiques en mati\u00e8re de gestion et conservation des enregistrements, de sorte que les donn\u00e9es personnelles soient effac\u00e9es au terme du d\u00e9lai d\u00e9fini en fonction des crit\u00e8res de r\u00e9tention suivants.<\/p><figure class=\"wp-block-table aligncenter\"><table><tbody><tr><td><strong>Finalit\u00e9s<\/strong><strong><\/strong><\/td><td><strong>Conservation en base active<\/strong><strong><\/strong><\/td><td class=\"has-text-align-center\" data-align=\"center\"><strong>Archivage interm\u00e9diaire<\/strong><strong><\/strong><\/td><\/tr><tr><td>R\u00e9pondre \u00e0 une demande pr\u00e9contractuelle ou non \/ \u00e9tablir et communiquer un devis<\/td><td>Le temps n\u00e9cessaire pour r\u00e9pondre \u00e0 votre demande et pour la dur\u00e9e de validit\u00e9 du devis.<\/td><td class=\"has-text-align-center\" data-align=\"center\" rowspan=\"3\">Pour les documents comptables, pendant 10 ans \u00e0 compter de leur \u00e9tablissement ou de leur r\u00e9ception. &nbsp; Pour les autres donn\u00e9es qui sont n\u00e9cessaires pour permettre \u00e0 GENICADO d\u2019exercer ses droits ou de se d\u00e9fendre en cas de contentieux, 5 ans \u00e0 compter du moment o\u00f9 les donn\u00e9es personnelles ne sont plus trait\u00e9es.<\/td><\/tr><tr><td>Ex\u00e9cuter une commande<\/td><td>Le temps n\u00e9cessaire \u00e0 l\u2019ex\u00e9cution de la commande ou pour la dur\u00e9e de la relation commerciale en cas de commandes r\u00e9currentes.<\/td><\/tr><tr><td>Envoyer ses newsletters et des informations sur ses produits et services et r\u00e9aliser des op\u00e9rations de promotion<\/td><td>3 ans \u00e0 compter de l\u2019inscription \u00e0 la newsletter ou de la r\u00e9ponse \u00e0 la demande pr\u00e9contractuelle ou de l\u2019ex\u00e9cution de la commande ou de la fin de la relation contractuelle, ou du dernier contact \u00e0 votre initiative. &nbsp; Un contact pouvant \u00eatre l\u2019\u00e9mission d\u2019une information (sollicitation par courriel, par courrier ou par t\u00e9l\u00e9phone) ayant suscit\u00e9 un acte positif clair de votre part.<\/td><\/tr><\/tbody><\/table><\/figure><p><strong>Vos droits sur vos donn\u00e9es personnelles<\/strong><br><br><\/p><p>Vous avez le droit (dans les circonstances, les conditions, et sous r\u00e9serve des exceptions, pr\u00e9vues par le droit applicable) de :<\/p><ul class=\"wp-block-list\"><li>Demander un acc\u00e8s aux donn\u00e9es personnelles que GENICADO traite vous concernant : ce droit vous permet de savoir si GENICADO d\u00e9tient vos donn\u00e9es personnelles et, le cas \u00e9ch\u00e9ant, d\u2019obtenir des informations et une copie desdites donn\u00e9es personnelles.<\/li><\/ul><ul class=\"wp-block-list\"><li>Demander la rectification de vos donn\u00e9es personnelles : ce droit vous autorise \u00e0 faire corriger vos donn\u00e9es personnelles si celles-ci sont inexactes ou incompl\u00e8tes.<\/li><\/ul><ul class=\"wp-block-list\"><li>Vous opposer au traitement de vos donn\u00e9es personnelles : ce droit vous permet de demander \u00e0 ce que GENICADO cesse de traiter vos donn\u00e9es personnelles lorsque le traitement est bas\u00e9 sur l\u2019int\u00e9r\u00eat l\u00e9gitime de GENICADO ou est effectu\u00e9 \u00e0 des fins de prospection.<\/li><\/ul><ul class=\"wp-block-list\"><li>Demander l\u2019effacement de vos donn\u00e9es personnelles : ce droit vous permet de demander \u00e0 GENICADO d\u2019effacer vos donn\u00e9es personnelles, y compris lorsque lesdites donn\u00e9es personnelles ne seraient plus n\u00e9cessaires pour atteindre les objectifs poursuivis.<\/li><\/ul><ul class=\"wp-block-list\"><li>Demander la limitation du traitement de vos donn\u00e9es personnelles : ce droit vous permet de demander \u00e0 ce que GENICADO suspende le traitement de vos donn\u00e9es personnelles, sauf dans des circonstances limit\u00e9es avec votre consentement.<\/li><\/ul><ul class=\"wp-block-list\"><li>Demander la portabilit\u00e9 de vos donn\u00e9es personnelles : ce droit vous permet de recevoir une copie des donn\u00e9es personnelles que vous avez transmises \u00e0 GENICADO de transmettre ces donn\u00e9es personnelles \u00e0 un autre responsable de traitement lorsque le traitement est bas\u00e9 sur l\u2019ex\u00e9cution d\u2019un contrat conclu avec vous ou sur votre consentement.<\/li><\/ul><ul class=\"wp-block-list\"><li>Dans la mesure o\u00f9 le traitement de vos donn\u00e9es personnelles est bas\u00e9 sur votre consentement, vous avez le droit de retirer ledit consentement \u00e0 tout moment.<\/li><\/ul><ul class=\"wp-block-list\"><li>Donner des directives particuli\u00e8res sur le sort de vos donn\u00e9es personnelles en cas de d\u00e9c\u00e8s.<br><br><\/li><\/ul><p>Le service commercial de GENICADO \u2013 ZAC de la Boulais &#8211; 44240 LA CHAPELLE SUR ERDRE, ou web@genicado-ouest.com est votre interlocuteur pour toute demande d\u2019exercice de vos droits sur le traitement.<\/p><p>Si vous estimez que vos droits ne sont pas respect\u00e9s, vous pouvez adresser une r\u00e9clamation \u00e0 la CNIL dont les coordonn\u00e9es figurent \u00e0 l\u2019adresse internet https:\/\/www.cnil.fr.<\/p><p><strong>Cookies<\/strong><\/p><p>Pour assurer le bon fonctionnement du site www.genicado.com, nous devons parfois enregistrer de petits fichiers de donn\u00e9es sur l\u2019\u00e9quipement de nos utilisateurs. La plupart des sites web font de m\u00eame.<\/p><p><strong>Qu&rsquo;est-ce qu&rsquo;un cookie ?<\/strong><\/p><p>Un cookie est un petit fichier texte que les sites web sauvegardent sur votre ordinateur ou appareil mobile lorsque vous les consultez. Il permet \u00e0 ces sites de m\u00e9moriser vos actions et pr\u00e9f\u00e9rences (nom d\u2019utilisateur, langue, taille des caract\u00e8res et autres param\u00e8tres d\u2019affichage) pendant un temps donn\u00e9, pour que vous n\u2019ayez pas \u00e0 indiquer ces informations \u00e0 chaque fois que vous consultez ces sites ou naviguez d\u2019une page \u00e0 une autre.<\/p><p><strong>Comment utilisons-nous les cookies ?<\/strong><\/p><p>Notre site utilise les cookies pour :<\/p><ul class=\"wp-block-list\"><li>Mesurer l\u2019audience de notre site afin de l\u2019am\u00e9liorer.<\/li>\n\n<li>Am\u00e9liorer votre exp\u00e9rience utilisateur.<\/li>\n\n<li>Mettre en \u0153uvre notre module de chat.<\/li><\/ul><p><strong>Comment contr\u00f4ler les cookies ?<\/strong><\/p><p>Vous pouvez utiliser le module de gestion des cookies accessible \u00e0 tout moment sur notre site via l\u2019icone situ\u00e9e en bas \u00e0 gauche de la page.<\/p><p>Vous pouvez aussi contr\u00f4ler et\/ou supprimer des cookies comme vous le souhaitez. Vous avez la possibilit\u00e9 de supprimer tous les cookies d\u00e9j\u00e0 stock\u00e9s sur votre ordinateur et de configurer la plupart des navigateurs pour qu\u2019ils les bloquent. Toutefois, dans ce cas, vous devrez peut-\u00eatre indiquer vous-m\u00eames certaines pr\u00e9f\u00e9rences chaque fois que vous vous rendrez sur un site, et certains services et fonctionnalit\u00e9s risquent de ne pas \u00eatre accessibles.<\/p><p><a id=\"_msocom_1\"><\/a><\/p>","protected":false},"excerpt":{"rendered":"<p>POLITIQUE DE PROTECTION DES DONN\u00c9ES \u00c0 CARACT\u00c8RE PERSONNEL GENICADO accorde une grande importance au respect de votre vie priv\u00e9e et \u00e0 la protection de vos donn\u00e9es personnelles. Nous souhaitons vous&#8230;<\/p>\n","protected":false},"author":1,"featured_media":0,"parent":0,"menu_order":0,"comment_status":"closed","ping_status":"open","template":"","meta":{"footnotes":""},"class_list":["post-3","page","type-page","status-publish"],"_links":{"self":[{"href":"https:\/\/preprod2.boutiques-genicado-ouest.com\/index.php?rest_route=\/wp\/v2\/pages\/3","targetHints":{"allow":["GET"]}}],"collection":[{"href":"https:\/\/preprod2.boutiques-genicado-ouest.com\/index.php?rest_route=\/wp\/v2\/pages"}],"about":[{"href":"https:\/\/preprod2.boutiques-genicado-ouest.com\/index.php?rest_route=\/wp\/v2\/types\/page"}],"author":[{"embeddable":true,"href":"https:\/\/preprod2.boutiques-genicado-ouest.com\/index.php?rest_route=\/wp\/v2\/users\/1"}],"replies":[{"embeddable":true,"href":"https:\/\/preprod2.boutiques-genicado-ouest.com\/index.php?rest_route=%2Fwp%2Fv2%2Fcomments&post=3"}],"version-history":[{"count":3,"href":"https:\/\/preprod2.boutiques-genicado-ouest.com\/index.php?rest_route=\/wp\/v2\/pages\/3\/revisions"}],"predecessor-version":[{"id":5581,"href":"https:\/\/preprod2.boutiques-genicado-ouest.com\/index.php?rest_route=\/wp\/v2\/pages\/3\/revisions\/5581"}],"wp:attachment":[{"href":"https:\/\/preprod2.boutiques-genicado-ouest.com\/index.php?rest_route=%2Fwp%2Fv2%2Fmedia&parent=3"}],"curies":[{"name":"wp","href":"https:\/\/api.w.org\/{rel}","templated":true}]}}