{"id":7428,"date":"2025-02-21T10:11:27","date_gmt":"2025-02-21T09:11:27","guid":{"rendered":"https:\/\/preprod2.boutiques-genicado-ouest.com\/?post_type=product&#038;p=7428"},"modified":"2025-02-21T10:11:27","modified_gmt":"2025-02-21T09:11:27","slug":"le-tour-de-cou-en-polyester-recycle","status":"publish","type":"product","link":"https:\/\/preprod2.boutiques-genicado-ouest.com\/?product=le-tour-de-cou-en-polyester-recycle","title":{"rendered":"Le tour de cou en polyester recycl\u00e9"},"content":{"rendered":"<p><strong>DESCRIPTION PRODUIT<br \/>\n<\/strong><\/p>\n<p>&nbsp;<\/p>\n<ul>\n<li>Pays de fabrication : Hongrie<\/li>\n<li>Dimension : 475 mm x 20 mm<\/li>\n<li>Type de marquage : Impression<\/li>\n<li>Mat\u00e9riaux : Polyester recycl\u00e9, mousqueton en m\u00e9tal<\/li>\n<li>Quantit\u00e9 minimum : 100<\/li>\n<\/ul>\n<p>&nbsp;<\/p>\n<p><strong>LES + DU PRODUIT :\u00a0<\/strong><\/p>\n<p>\u00c9coresponsable : rPET contribue \u00e0 r\u00e9duire les d\u00e9chets plastiques<\/p>\n<p>Fabricaiton Europ\u00e9enne<\/p>\n","protected":false},"excerpt":{"rendered":"<p>Choisissez un accessoire pratique, \u00e9cologique et personnalisable avec ce tour de cou en polyester recycl\u00e9.<\/p>\n<p>Il permet de porter badges, cartes d&rsquo;identit\u00e9 ou cl\u00e9s en toute s\u00e9curit\u00e9 tout en affichant vos valeurs \u00e9coresponsables.<\/p>\n","protected":false},"featured_media":7446,"template":"","meta":[],"product_brand":[],"product_cat":[146],"product_tag":[],"class_list":{"0":"post-7428","1":"product","2":"type-product","3":"status-publish","4":"has-post-thumbnail","6":"product_cat-accessoires","8":"first","9":"instock","10":"shipping-taxable","11":"product-type-simple"},"_links":{"self":[{"href":"https:\/\/preprod2.boutiques-genicado-ouest.com\/index.php?rest_route=\/wp\/v2\/product\/7428","targetHints":{"allow":["GET"]}}],"collection":[{"href":"https:\/\/preprod2.boutiques-genicado-ouest.com\/index.php?rest_route=\/wp\/v2\/product"}],"about":[{"href":"https:\/\/preprod2.boutiques-genicado-ouest.com\/index.php?rest_route=\/wp\/v2\/types\/product"}],"wp:featuredmedia":[{"embeddable":true,"href":"https:\/\/preprod2.boutiques-genicado-ouest.com\/index.php?rest_route=\/wp\/v2\/media\/7446"}],"wp:attachment":[{"href":"https:\/\/preprod2.boutiques-genicado-ouest.com\/index.php?rest_route=%2Fwp%2Fv2%2Fmedia&parent=7428"}],"wp:term":[{"taxonomy":"product_brand","embeddable":true,"href":"https:\/\/preprod2.boutiques-genicado-ouest.com\/index.php?rest_route=%2Fwp%2Fv2%2Fproduct_brand&post=7428"},{"taxonomy":"product_cat","embeddable":true,"href":"https:\/\/preprod2.boutiques-genicado-ouest.com\/index.php?rest_route=%2Fwp%2Fv2%2Fproduct_cat&post=7428"},{"taxonomy":"product_tag","embeddable":true,"href":"https:\/\/preprod2.boutiques-genicado-ouest.com\/index.php?rest_route=%2Fwp%2Fv2%2Fproduct_tag&post=7428"}],"curies":[{"name":"wp","href":"https:\/\/api.w.org\/{rel}","templated":true}]}}