{"id":7457,"date":"2025-02-21T10:15:57","date_gmt":"2025-02-21T09:15:57","guid":{"rendered":"https:\/\/preprod2.boutiques-genicado-ouest.com\/?post_type=product&#038;p=7457"},"modified":"2025-02-21T10:15:57","modified_gmt":"2025-02-21T09:15:57","slug":"gourde-made-in-france","status":"publish","type":"product","link":"https:\/\/preprod2.boutiques-genicado-ouest.com\/?product=gourde-made-in-france","title":{"rendered":"Gourde made in France"},"content":{"rendered":"<p><b>DESCRIPTION PRODUIT<\/b><\/p>\n<p>Pays de fabrication : France<\/p>\n<p>Dimension : \u00d8 7,2 cm x 18,5 cm<\/p>\n<p>Type de marquage : Impression<\/p>\n<p>Mat\u00e9riaux : Verre, bouchon en plastique biosourc\u00e9<\/p>\n<p>Quantit\u00e9 minimum : 25<\/p>\n<p>&nbsp;<\/p>\n<p><b>LES + DU PRODUIT :<\/b><\/p>\n<p>Fabrication fran\u00e7aise<\/p>\n<p><b>Evaluation ETIKEKO\u00ae <\/b>(mesure les efforts environnementaux et sociaux r\u00e9alis\u00e9s de la conception \u00e0 la fabrication de l\u2019article)<\/p>\n","protected":false},"excerpt":{"rendered":"<p><b>POURQUOI ON AIME CE PRODUIT ?<\/b><\/p>\n<p>Bouteille de 750 ml pratique, \u00e9l\u00e9gante et respectueuse de l\u2019environnement.<\/p>\n<p>Fabriqu\u00e9e en plastique recycl\u00e9 et \u00e9quip\u00e9e d\u2019un bouchon en h\u00eatre et aluminium, elle est \u00e0 la fois durable et enti\u00e8rement recyclable.<\/p>\n<p>Compatible avec le lave-vaisselle<\/p>\n","protected":false},"featured_media":7458,"template":"","meta":[],"product_brand":[],"product_cat":[148],"product_tag":[],"class_list":{"0":"post-7457","1":"product","2":"type-product","3":"status-publish","4":"has-post-thumbnail","6":"product_cat-made-in-france","8":"first","9":"instock","10":"shipping-taxable","11":"product-type-simple"},"_links":{"self":[{"href":"https:\/\/preprod2.boutiques-genicado-ouest.com\/index.php?rest_route=\/wp\/v2\/product\/7457","targetHints":{"allow":["GET"]}}],"collection":[{"href":"https:\/\/preprod2.boutiques-genicado-ouest.com\/index.php?rest_route=\/wp\/v2\/product"}],"about":[{"href":"https:\/\/preprod2.boutiques-genicado-ouest.com\/index.php?rest_route=\/wp\/v2\/types\/product"}],"wp:featuredmedia":[{"embeddable":true,"href":"https:\/\/preprod2.boutiques-genicado-ouest.com\/index.php?rest_route=\/wp\/v2\/media\/7458"}],"wp:attachment":[{"href":"https:\/\/preprod2.boutiques-genicado-ouest.com\/index.php?rest_route=%2Fwp%2Fv2%2Fmedia&parent=7457"}],"wp:term":[{"taxonomy":"product_brand","embeddable":true,"href":"https:\/\/preprod2.boutiques-genicado-ouest.com\/index.php?rest_route=%2Fwp%2Fv2%2Fproduct_brand&post=7457"},{"taxonomy":"product_cat","embeddable":true,"href":"https:\/\/preprod2.boutiques-genicado-ouest.com\/index.php?rest_route=%2Fwp%2Fv2%2Fproduct_cat&post=7457"},{"taxonomy":"product_tag","embeddable":true,"href":"https:\/\/preprod2.boutiques-genicado-ouest.com\/index.php?rest_route=%2Fwp%2Fv2%2Fproduct_tag&post=7457"}],"curies":[{"name":"wp","href":"https:\/\/api.w.org\/{rel}","templated":true}]}}